{"id":103,"date":"2015-05-23T16:29:56","date_gmt":"2015-05-23T15:29:56","guid":{"rendered":"http:\/\/www.audoubscomtois.fr\/produit\/huilier-50cl\/"},"modified":"2026-05-06T16:23:33","modified_gmt":"2026-05-06T15:23:33","slug":"huilier-50cl","status":"publish","type":"product","link":"https:\/\/www.audoubscomtois.fr\/es\/shop\/huilier-50cl\/","title":{"rendered":"Huilier 50cl"},"content":{"rendered":"<p><\/p>\n<p>Les huiliers permettent de conserver vos huiles \u00e0 l&#8217;abri de l&#8217;air dans des bouteilles sp\u00e9cialement con\u00e7ues pour cet usage.<\/p>\n<p>Les huiliers sont munis d\u2019un embout verseur pour faciliter le service.<\/p>\n<p><\/p>","protected":false},"excerpt":{"rendered":"<p>Huilier avec bec verseur.<\/p>\n","protected":false},"featured_media":213,"comment_status":"open","ping_status":"closed","template":"","meta":[],"product_brand":[],"product_cat":[14],"product_tag":[23],"class_list":{"0":"post-103","1":"product","2":"type-product","3":"status-publish","4":"has-post-thumbnail","6":"product_cat-accessoires","7":"product_tag-huile","9":"first","10":"instock","11":"taxable","12":"shipping-taxable","13":"purchasable","14":"product-type-simple"},"_links":{"self":[{"href":"https:\/\/www.audoubscomtois.fr\/es\/wp-json\/wp\/v2\/product\/103","targetHints":{"allow":["GET"]}}],"collection":[{"href":"https:\/\/www.audoubscomtois.fr\/es\/wp-json\/wp\/v2\/product"}],"about":[{"href":"https:\/\/www.audoubscomtois.fr\/es\/wp-json\/wp\/v2\/types\/product"}],"replies":[{"embeddable":true,"href":"https:\/\/www.audoubscomtois.fr\/es\/wp-json\/wp\/v2\/comments?post=103"}],"wp:featuredmedia":[{"embeddable":true,"href":"https:\/\/www.audoubscomtois.fr\/es\/wp-json\/wp\/v2\/media\/213"}],"wp:attachment":[{"href":"https:\/\/www.audoubscomtois.fr\/es\/wp-json\/wp\/v2\/media?parent=103"}],"wp:term":[{"taxonomy":"product_brand","embeddable":true,"href":"https:\/\/www.audoubscomtois.fr\/es\/wp-json\/wp\/v2\/product_brand?post=103"},{"taxonomy":"product_cat","embeddable":true,"href":"https:\/\/www.audoubscomtois.fr\/es\/wp-json\/wp\/v2\/product_cat?post=103"},{"taxonomy":"product_tag","embeddable":true,"href":"https:\/\/www.audoubscomtois.fr\/es\/wp-json\/wp\/v2\/product_tag?post=103"}],"curies":[{"name":"wp","href":"https:\/\/api.w.org\/{rel}","templated":true}]}}