{"id":107,"date":"2015-05-23T16:30:16","date_gmt":"2015-05-23T15:30:16","guid":{"rendered":"http:\/\/www.audoubscomtois.fr\/produit\/jambon-serrano-entier-grande-reserve-sur-commande\/"},"modified":"2026-05-06T17:01:00","modified_gmt":"2026-05-06T16:01:00","slug":"jambon-serrano-entier-grande-reserve-sur-commande","status":"publish","type":"product","link":"https:\/\/www.audoubscomtois.fr\/es\/shop\/jambon-serrano-entier-grande-reserve-sur-commande\/","title":{"rendered":"Jambon Serrano Entier \u00abR\u00e9serve\u00bb"},"content":{"rendered":"<p class=\"qtranxs-available-languages-message qtranxs-available-languages-message-es\">Disculpa, pero esta entrada est\u00e1 disponible s\u00f3lo en <a href=\"https:\/\/www.audoubscomtois.fr\/fr\/wp-json\/wp\/v2\/product\/107\" class=\"qtranxs-available-language-link qtranxs-available-language-link-fr\" title=\"Fran\u00e7ais\">Fran\u00e7ais<\/a>.<\/p>","protected":false},"excerpt":{"rendered":"<p>Jambon Serrano Grande R\u00e9serve Sur Commande (&gt;20 mois de s\u00e9chage).R\u00e9serv\u00e9 votre Jambon en d\u00e9but de mois: F\u00e9vrier\/Avril\/Juin\/Septembre\/D\u00e9cembre.~7 \u00e0 8Kg avec os.Se conserve 6 mois une fois entam\u00e9.<\/p>\n","protected":false},"featured_media":209,"comment_status":"open","ping_status":"closed","template":"","meta":[],"product_brand":[],"product_cat":[18,7],"product_tag":[22],"class_list":{"0":"post-107","1":"product","2":"type-product","3":"status-publish","4":"has-post-thumbnail","6":"product_cat-charcuterie-terroir-espagnol","7":"product_cat-terroir-espagnol","8":"product_tag-jambon","10":"first","11":"instock","12":"taxable","13":"shipping-taxable","14":"purchasable","15":"product-type-simple"},"_links":{"self":[{"href":"https:\/\/www.audoubscomtois.fr\/es\/wp-json\/wp\/v2\/product\/107","targetHints":{"allow":["GET"]}}],"collection":[{"href":"https:\/\/www.audoubscomtois.fr\/es\/wp-json\/wp\/v2\/product"}],"about":[{"href":"https:\/\/www.audoubscomtois.fr\/es\/wp-json\/wp\/v2\/types\/product"}],"replies":[{"embeddable":true,"href":"https:\/\/www.audoubscomtois.fr\/es\/wp-json\/wp\/v2\/comments?post=107"}],"wp:featuredmedia":[{"embeddable":true,"href":"https:\/\/www.audoubscomtois.fr\/es\/wp-json\/wp\/v2\/media\/209"}],"wp:attachment":[{"href":"https:\/\/www.audoubscomtois.fr\/es\/wp-json\/wp\/v2\/media?parent=107"}],"wp:term":[{"taxonomy":"product_brand","embeddable":true,"href":"https:\/\/www.audoubscomtois.fr\/es\/wp-json\/wp\/v2\/product_brand?post=107"},{"taxonomy":"product_cat","embeddable":true,"href":"https:\/\/www.audoubscomtois.fr\/es\/wp-json\/wp\/v2\/product_cat?post=107"},{"taxonomy":"product_tag","embeddable":true,"href":"https:\/\/www.audoubscomtois.fr\/es\/wp-json\/wp\/v2\/product_tag?post=107"}],"curies":[{"name":"wp","href":"https:\/\/api.w.org\/{rel}","templated":true}]}}