{"id":108,"date":"2015-05-23T16:30:20","date_gmt":"2015-05-23T15:30:20","guid":{"rendered":"http:\/\/www.audoubscomtois.fr\/produit\/jambon-serrano-desosse-grande-reserve\/"},"modified":"2026-05-06T16:59:20","modified_gmt":"2026-05-06T15:59:20","slug":"jambon-serrano-desosse-grande-reserve","status":"publish","type":"product","link":"https:\/\/www.audoubscomtois.fr\/es\/shop\/jambon-serrano-desosse-grande-reserve\/","title":{"rendered":"Jambon Serrano D\u00e9soss\u00e9 \u00abGrande R\u00e9serve\u00bb"},"content":{"rendered":"<p class=\"qtranxs-available-languages-message qtranxs-available-languages-message-es\">Disculpa, pero esta entrada est\u00e1 disponible s\u00f3lo en <a href=\"https:\/\/www.audoubscomtois.fr\/fr\/wp-json\/wp\/v2\/product\/108\" class=\"qtranxs-available-language-link qtranxs-available-language-link-fr\" title=\"Fran\u00e7ais\">Fran\u00e7ais<\/a>.<\/p>","protected":false},"excerpt":{"rendered":"<p>Jambon Serrano D\u00e9soss\u00e9.&gt;20 mois de s\u00e9chage.~5Kg sans os.Se conserve 6 mois apr\u00e8s ouverture.(Prix au kil 27\u20ac\/Kg).<\/p>\n","protected":false},"featured_media":208,"comment_status":"open","ping_status":"closed","template":"","meta":[],"product_brand":[],"product_cat":[18,7],"product_tag":[22],"class_list":{"0":"post-108","1":"product","2":"type-product","3":"status-publish","4":"has-post-thumbnail","6":"product_cat-charcuterie-terroir-espagnol","7":"product_cat-terroir-espagnol","8":"product_tag-jambon","10":"first","11":"instock","12":"taxable","13":"shipping-taxable","14":"purchasable","15":"product-type-simple"},"_links":{"self":[{"href":"https:\/\/www.audoubscomtois.fr\/es\/wp-json\/wp\/v2\/product\/108","targetHints":{"allow":["GET"]}}],"collection":[{"href":"https:\/\/www.audoubscomtois.fr\/es\/wp-json\/wp\/v2\/product"}],"about":[{"href":"https:\/\/www.audoubscomtois.fr\/es\/wp-json\/wp\/v2\/types\/product"}],"replies":[{"embeddable":true,"href":"https:\/\/www.audoubscomtois.fr\/es\/wp-json\/wp\/v2\/comments?post=108"}],"wp:featuredmedia":[{"embeddable":true,"href":"https:\/\/www.audoubscomtois.fr\/es\/wp-json\/wp\/v2\/media\/208"}],"wp:attachment":[{"href":"https:\/\/www.audoubscomtois.fr\/es\/wp-json\/wp\/v2\/media?parent=108"}],"wp:term":[{"taxonomy":"product_brand","embeddable":true,"href":"https:\/\/www.audoubscomtois.fr\/es\/wp-json\/wp\/v2\/product_brand?post=108"},{"taxonomy":"product_cat","embeddable":true,"href":"https:\/\/www.audoubscomtois.fr\/es\/wp-json\/wp\/v2\/product_cat?post=108"},{"taxonomy":"product_tag","embeddable":true,"href":"https:\/\/www.audoubscomtois.fr\/es\/wp-json\/wp\/v2\/product_tag?post=108"}],"curies":[{"name":"wp","href":"https:\/\/api.w.org\/{rel}","templated":true}]}}