{"id":123,"date":"2015-05-23T16:31:32","date_gmt":"2015-05-23T15:31:32","guid":{"rendered":"http:\/\/www.audoubscomtois.fr\/produit\/morbier-grand-affinage-90j-500g\/"},"modified":"2026-05-06T15:48:08","modified_gmt":"2026-05-06T14:48:08","slug":"morbier-grand-affinage-90j-500g","status":"publish","type":"product","link":"https:\/\/www.audoubscomtois.fr\/es\/shop\/morbier-de-leche-cruda-500g\/","title":{"rendered":"Morbier Curado de leche cruda (500g) (19.90\u20ac\/Kg)"},"content":{"rendered":"<p>Morbier de leche cruda Curado ( &gt;75 Dias) D.O.C. envasado al vac\u00edo para mantener el producto hasta 6 semanas.<\/p>\n<p>Este queso est\u00e1 elaborado y afinado por una peque\u00f1a Queseria independiente (Fabricacion y curacion al mismo sitio). Se reconoce facilmente con su linea de cenizas (carb\u00f3n vegetal). Se puede disfrutar en una bandeja de quesos y tambi\u00e9n acompa\u00f1ando sus platos calientes (Morbiflette, fondue al Morbier, empanadas gratinadas, etc &#8230;).<\/p>\n<p>Queso Rico en Omega3. Labelisacion : Azul Blanco Corazon \ud83d\ude42 Harina de Lino para Las Vacas ..!<\/p>\n<p>22% de materia grasa &#8211;<\/p>\n<p>Particulares : pedido de 500g m\u00ednimo al Vacio.<\/p>\n<p>Profesionales : pedido de 1\/2 rueda m\u00ednimo.<\/p>\n<p><img decoding=\"async\" class=\"aligncenter\" src=\"http:\/\/www.audoubscomtois.fr\/wp-content\/uploads\/2015\/05\/om%C3%A9ga3-150x120.jpg\" alt=\"\" \/><\/p>","protected":false},"excerpt":{"rendered":"<div>\n<p>\u00abMorbier\u00bb Curado de leche cruda DOC.\u00a0 Label BBC. Rico en Omega3 \ud83d\ude42 Arina de Lino para las Vacas ..!<\/p>\n<p>22% de materia grasa<\/p>\n<p>Fecha de cad. 30 d\u00edas.<\/p>\n<p>19.90\u20ac\/Kg.<\/p>\n<\/div>\n","protected":false},"featured_media":0,"comment_status":"open","ping_status":"closed","template":"","meta":[],"product_brand":[],"product_cat":[15,6],"product_tag":[],"class_list":{"0":"post-123","1":"product","2":"type-product","3":"status-publish","5":"product_cat-fromages","6":"product_cat-terroir-comtois","8":"first","9":"instock","10":"taxable","11":"shipping-taxable","12":"purchasable","13":"product-type-simple"},"_links":{"self":[{"href":"https:\/\/www.audoubscomtois.fr\/es\/wp-json\/wp\/v2\/product\/123","targetHints":{"allow":["GET"]}}],"collection":[{"href":"https:\/\/www.audoubscomtois.fr\/es\/wp-json\/wp\/v2\/product"}],"about":[{"href":"https:\/\/www.audoubscomtois.fr\/es\/wp-json\/wp\/v2\/types\/product"}],"replies":[{"embeddable":true,"href":"https:\/\/www.audoubscomtois.fr\/es\/wp-json\/wp\/v2\/comments?post=123"}],"wp:attachment":[{"href":"https:\/\/www.audoubscomtois.fr\/es\/wp-json\/wp\/v2\/media?parent=123"}],"wp:term":[{"taxonomy":"product_brand","embeddable":true,"href":"https:\/\/www.audoubscomtois.fr\/es\/wp-json\/wp\/v2\/product_brand?post=123"},{"taxonomy":"product_cat","embeddable":true,"href":"https:\/\/www.audoubscomtois.fr\/es\/wp-json\/wp\/v2\/product_cat?post=123"},{"taxonomy":"product_tag","embeddable":true,"href":"https:\/\/www.audoubscomtois.fr\/es\/wp-json\/wp\/v2\/product_tag?post=123"}],"curies":[{"name":"wp","href":"https:\/\/api.w.org\/{rel}","templated":true}]}}