{"id":124,"date":"2015-05-23T16:31:36","date_gmt":"2015-05-23T15:31:36","guid":{"rendered":"http:\/\/www.audoubscomtois.fr\/produit\/moules-a-lescabeche\/"},"modified":"2024-04-08T11:47:06","modified_gmt":"2024-04-08T10:47:06","slug":"moules-a-lescabeche","status":"publish","type":"product","link":"https:\/\/www.audoubscomtois.fr\/es\/shop\/moules-a-lescabeche\/","title":{"rendered":"Moules \u00e0 l&#8217;escab\u00e8che (3.50\u20ac\/U)"},"content":{"rendered":"<p>Moules \u00e0 l&#8217;escab\u00e8che ISABELL. <\/p>\n<p>Poids net :115g, 13 \u00e0 18 unit\u00e9s. Poids net \u00e9goutt\u00e9 : 69g.<\/p>\n<p> Origine : Espagne, Galice.<\/p>\n<p>Ingr\u00e9dients: Moules, tomate,huile v\u00e9getale, sel, sucre, ar\u00f4me naturel.<\/p>\n<p><\/p>","protected":false},"excerpt":{"rendered":"<p>Moules \u00e0 l&#8217;escab\u00e8che.Poids net: 115g.<\/p>\n","protected":false},"featured_media":202,"comment_status":"open","ping_status":"closed","template":"","meta":[],"product_brand":[],"product_cat":[21,7],"product_tag":[],"class_list":{"0":"post-124","1":"product","2":"type-product","3":"status-publish","4":"has-post-thumbnail","6":"product_cat-epicerie","7":"product_cat-terroir-espagnol","9":"first","10":"instock","11":"taxable","12":"shipping-taxable","13":"purchasable","14":"product-type-simple"},"_links":{"self":[{"href":"https:\/\/www.audoubscomtois.fr\/es\/wp-json\/wp\/v2\/product\/124","targetHints":{"allow":["GET"]}}],"collection":[{"href":"https:\/\/www.audoubscomtois.fr\/es\/wp-json\/wp\/v2\/product"}],"about":[{"href":"https:\/\/www.audoubscomtois.fr\/es\/wp-json\/wp\/v2\/types\/product"}],"replies":[{"embeddable":true,"href":"https:\/\/www.audoubscomtois.fr\/es\/wp-json\/wp\/v2\/comments?post=124"}],"wp:featuredmedia":[{"embeddable":true,"href":"https:\/\/www.audoubscomtois.fr\/es\/wp-json\/wp\/v2\/media\/202"}],"wp:attachment":[{"href":"https:\/\/www.audoubscomtois.fr\/es\/wp-json\/wp\/v2\/media?parent=124"}],"wp:term":[{"taxonomy":"product_brand","embeddable":true,"href":"https:\/\/www.audoubscomtois.fr\/es\/wp-json\/wp\/v2\/product_brand?post=124"},{"taxonomy":"product_cat","embeddable":true,"href":"https:\/\/www.audoubscomtois.fr\/es\/wp-json\/wp\/v2\/product_cat?post=124"},{"taxonomy":"product_tag","embeddable":true,"href":"https:\/\/www.audoubscomtois.fr\/es\/wp-json\/wp\/v2\/product_tag?post=124"}],"curies":[{"name":"wp","href":"https:\/\/api.w.org\/{rel}","templated":true}]}}