{"id":133,"date":"2015-05-23T16:32:20","date_gmt":"2015-05-23T15:32:20","guid":{"rendered":"http:\/\/www.audoubscomtois.fr\/produit\/piments-doux-entier-piquillos\/"},"modified":"2022-01-26T11:37:09","modified_gmt":"2022-01-26T10:37:09","slug":"piments-doux-entier-piquillos","status":"publish","type":"product","link":"https:\/\/www.audoubscomtois.fr\/es\/shop\/piments-doux-entier-piquillos\/","title":{"rendered":"Piments Doux Entier \u00bb Piquillos \u00bb (3.90\u20ac\/U)"},"content":{"rendered":"<p><\/p>\n<p>Le piment piquillo est un piment rouge doux. Il est tr\u00e8s appr\u00e9ci\u00e9 au Pays-Basque.<\/p>\n<p>On l&#8217;utilise aussi bien chaud que froid. Son go\u00fbt est tr\u00e8s fin, tr\u00e8s doux et l\u00e9gerement sucr\u00e9.<\/p>\n<p>Poids : 430g<\/p>\n<p>Ingr\u00e9dients : Piment piquillo, sel, acide citrique.<\/p>\n<p>Conseils de d\u00e9gustation : Froid, en lani\u00e8res sur vos tapas ou Chaud, pour \u00e9gayer vos poissons au moment de la cuisson, en le farcissant de brandade de morue all\u00e9g\u00e9e ou mix\u00e9 dans vos sauces de viandes.<\/p>\n<p>\u00a0<\/p>\n<p><\/p>","protected":false},"excerpt":{"rendered":"<p>Piments doux eniter \u00abPiquillos\u00bbpoids net : 340g.<\/p>\n","protected":false},"featured_media":198,"comment_status":"open","ping_status":"closed","template":"","meta":[],"product_brand":[],"product_cat":[21,7],"product_tag":[],"class_list":{"0":"post-133","1":"product","2":"type-product","3":"status-publish","4":"has-post-thumbnail","6":"product_cat-epicerie","7":"product_cat-terroir-espagnol","9":"first","10":"instock","11":"taxable","12":"shipping-taxable","13":"purchasable","14":"product-type-simple"},"_links":{"self":[{"href":"https:\/\/www.audoubscomtois.fr\/es\/wp-json\/wp\/v2\/product\/133","targetHints":{"allow":["GET"]}}],"collection":[{"href":"https:\/\/www.audoubscomtois.fr\/es\/wp-json\/wp\/v2\/product"}],"about":[{"href":"https:\/\/www.audoubscomtois.fr\/es\/wp-json\/wp\/v2\/types\/product"}],"replies":[{"embeddable":true,"href":"https:\/\/www.audoubscomtois.fr\/es\/wp-json\/wp\/v2\/comments?post=133"}],"wp:featuredmedia":[{"embeddable":true,"href":"https:\/\/www.audoubscomtois.fr\/es\/wp-json\/wp\/v2\/media\/198"}],"wp:attachment":[{"href":"https:\/\/www.audoubscomtois.fr\/es\/wp-json\/wp\/v2\/media?parent=133"}],"wp:term":[{"taxonomy":"product_brand","embeddable":true,"href":"https:\/\/www.audoubscomtois.fr\/es\/wp-json\/wp\/v2\/product_brand?post=133"},{"taxonomy":"product_cat","embeddable":true,"href":"https:\/\/www.audoubscomtois.fr\/es\/wp-json\/wp\/v2\/product_cat?post=133"},{"taxonomy":"product_tag","embeddable":true,"href":"https:\/\/www.audoubscomtois.fr\/es\/wp-json\/wp\/v2\/product_tag?post=133"}],"curies":[{"name":"wp","href":"https:\/\/api.w.org\/{rel}","templated":true}]}}