{"id":137,"date":"2015-05-23T16:32:40","date_gmt":"2015-05-23T15:32:40","guid":{"rendered":"http:\/\/www.audoubscomtois.fr\/produit\/raclette-affinee-70j-lait-cru-500g\/"},"modified":"2026-05-06T15:42:04","modified_gmt":"2026-05-06T14:42:04","slug":"raclette-affinee-70j-lait-cru-500g","status":"publish","type":"product","link":"https:\/\/www.audoubscomtois.fr\/es\/shop\/raclette-al-leche-cruda-500g\/","title":{"rendered":"\u00bbRaclette\u00bb al leche cruda (500g) (18.90\u20ac\/kg)"},"content":{"rendered":"<p>Queso \u00abRaclette\u00bb, elaborado con leche cruda, envasado al vac\u00edo, el producto se puede guardar m\u00e1s de 2 meses y se congela muy bien.<\/p>\n<p>Queso que les har\u00e1 disfrutar de un momento agradable alrededor de la mesa. Derretido, se acompa\u00f1a de patatas, lechuga y charcuter\u00edas o salchicha de Morteau tipica de las Montanas de Jura. Delicioso \ud83d\ude42<\/p>\n<p>Les acunsejo ~250g de queso por persona.<\/p>\n<p>25% de materia grasa &#8211; Fecha de cad. 30 d\u00edas<\/p>\n<p>Profesionales : pedido de 1 rueda m\u00ednimo.<\/p>\n<p>Particulares : pedido de 500g m\u00ednimo al Vacio.<\/p>\n<p>Raclette Autentica Rica en Omega3 porque las Vacas comen un poco de Arina de Lino, muy rico en Omega 3 \ud83d\ude42<\/p>\n<p><img decoding=\"async\" class=\"aligncenter\" src=\"http:\/\/www.audoubscomtois.fr\/wp-content\/uploads\/2015\/05\/om%C3%A9ga3-150x120.jpg\" alt=\"\" \/><\/p>","protected":false},"excerpt":{"rendered":"<div>\n<p>\u00abRaclette\u00bb al leche cruda de Vaca<\/p>\n<p>25% de materia grasa<\/p>\n<p>Fecha de cad. 30 d\u00edas<\/p>\n<p>18.90\u20ac\/Kg<\/p>\n<\/div>\n","protected":false},"featured_media":1048,"comment_status":"open","ping_status":"closed","template":"","meta":[],"product_brand":[],"product_cat":[15,6],"product_tag":[],"class_list":{"0":"post-137","1":"product","2":"type-product","3":"status-publish","4":"has-post-thumbnail","6":"product_cat-fromages","7":"product_cat-terroir-comtois","9":"first","10":"instock","11":"taxable","12":"shipping-taxable","13":"purchasable","14":"product-type-simple"},"_links":{"self":[{"href":"https:\/\/www.audoubscomtois.fr\/es\/wp-json\/wp\/v2\/product\/137","targetHints":{"allow":["GET"]}}],"collection":[{"href":"https:\/\/www.audoubscomtois.fr\/es\/wp-json\/wp\/v2\/product"}],"about":[{"href":"https:\/\/www.audoubscomtois.fr\/es\/wp-json\/wp\/v2\/types\/product"}],"replies":[{"embeddable":true,"href":"https:\/\/www.audoubscomtois.fr\/es\/wp-json\/wp\/v2\/comments?post=137"}],"wp:featuredmedia":[{"embeddable":true,"href":"https:\/\/www.audoubscomtois.fr\/es\/wp-json\/wp\/v2\/media\/1048"}],"wp:attachment":[{"href":"https:\/\/www.audoubscomtois.fr\/es\/wp-json\/wp\/v2\/media?parent=137"}],"wp:term":[{"taxonomy":"product_brand","embeddable":true,"href":"https:\/\/www.audoubscomtois.fr\/es\/wp-json\/wp\/v2\/product_brand?post=137"},{"taxonomy":"product_cat","embeddable":true,"href":"https:\/\/www.audoubscomtois.fr\/es\/wp-json\/wp\/v2\/product_cat?post=137"},{"taxonomy":"product_tag","embeddable":true,"href":"https:\/\/www.audoubscomtois.fr\/es\/wp-json\/wp\/v2\/product_tag?post=137"}],"curies":[{"name":"wp","href":"https:\/\/api.w.org\/{rel}","templated":true}]}}