{"id":155,"date":"2015-05-23T16:34:02","date_gmt":"2015-05-23T15:34:02","guid":{"rendered":"http:\/\/www.audoubscomtois.fr\/produit\/verrines-dolives-selection-gourmet\/"},"modified":"2022-11-17T12:30:55","modified_gmt":"2022-11-17T11:30:55","slug":"verrines-dolives-selection-gourmet","status":"publish","type":"product","link":"https:\/\/www.audoubscomtois.fr\/es\/shop\/verrines-dolives-selection-gourmet\/","title":{"rendered":"Verrines D&#8217;Olives   S\u00e9lection Gourmet"},"content":{"rendered":"<p class=\"qtranxs-available-languages-message qtranxs-available-languages-message-es\">Disculpa, pero esta entrada est\u00e1 disponible s\u00f3lo en <a href=\"https:\/\/www.audoubscomtois.fr\/fr\/wp-json\/wp\/v2\/product\/155\" class=\"qtranxs-available-language-link qtranxs-available-language-link-fr\" title=\"Fran\u00e7ais\">Fran\u00e7ais<\/a>.<\/p>","protected":false},"excerpt":{"rendered":"<p>Olives S\u00e9lection Gourmet.Diff\u00e9rentes Vari\u00e9t\u00e9s. Cliquer sur la Photo.Poids net : 220g<\/p>\n","protected":false},"featured_media":190,"comment_status":"open","ping_status":"closed","template":"","meta":[],"product_brand":[],"product_cat":[19,7],"product_tag":[],"class_list":{"0":"post-155","1":"product","2":"type-product","3":"status-publish","4":"has-post-thumbnail","6":"product_cat-huiles-dolive","7":"product_cat-terroir-espagnol","8":"product_shipping_class-poids","10":"first","11":"instock","12":"taxable","13":"shipping-taxable","14":"purchasable","15":"product-type-simple"},"_links":{"self":[{"href":"https:\/\/www.audoubscomtois.fr\/es\/wp-json\/wp\/v2\/product\/155","targetHints":{"allow":["GET"]}}],"collection":[{"href":"https:\/\/www.audoubscomtois.fr\/es\/wp-json\/wp\/v2\/product"}],"about":[{"href":"https:\/\/www.audoubscomtois.fr\/es\/wp-json\/wp\/v2\/types\/product"}],"replies":[{"embeddable":true,"href":"https:\/\/www.audoubscomtois.fr\/es\/wp-json\/wp\/v2\/comments?post=155"}],"wp:featuredmedia":[{"embeddable":true,"href":"https:\/\/www.audoubscomtois.fr\/es\/wp-json\/wp\/v2\/media\/190"}],"wp:attachment":[{"href":"https:\/\/www.audoubscomtois.fr\/es\/wp-json\/wp\/v2\/media?parent=155"}],"wp:term":[{"taxonomy":"product_brand","embeddable":true,"href":"https:\/\/www.audoubscomtois.fr\/es\/wp-json\/wp\/v2\/product_brand?post=155"},{"taxonomy":"product_cat","embeddable":true,"href":"https:\/\/www.audoubscomtois.fr\/es\/wp-json\/wp\/v2\/product_cat?post=155"},{"taxonomy":"product_tag","embeddable":true,"href":"https:\/\/www.audoubscomtois.fr\/es\/wp-json\/wp\/v2\/product_tag?post=155"}],"curies":[{"name":"wp","href":"https:\/\/api.w.org\/{rel}","templated":true}]}}