{"id":873,"date":"2020-03-23T12:32:01","date_gmt":"2020-03-23T11:32:01","guid":{"rendered":"http:\/\/www.audoubscomtois.fr\/?post_type=product&#038;p=873"},"modified":"2023-12-28T16:33:15","modified_gmt":"2023-12-28T15:33:15","slug":"cecina-aoc-de-leon-boeuf-fume-seche-47e-kg","status":"publish","type":"product","link":"https:\/\/www.audoubscomtois.fr\/es\/shop\/francais-cecina-aoc-de-leon-boeuf-fume-seche-47e-kg\/","title":{"rendered":"(Fran\u00e7ais) Cecina AOP de Leon (Boeuf fum\u00e9 s\u00e9ch\u00e9) 47\u20ac\/Kg"},"content":{"rendered":"<p class=\"qtranxs-available-languages-message qtranxs-available-languages-message-es\">Disculpa, pero esta entrada est\u00e1 disponible s\u00f3lo en <a href=\"https:\/\/www.audoubscomtois.fr\/fr\/wp-json\/wp\/v2\/product\/873\" class=\"qtranxs-available-language-link qtranxs-available-language-link-fr\" title=\"Fran\u00e7ais\">Fran\u00e7ais<\/a>.<\/p>","protected":false},"excerpt":{"rendered":"<p class=\"qtranxs-available-languages-message qtranxs-available-languages-message-es\">Disculpa, pero esta entrada est\u00e1 disponible s\u00f3lo en <a href=\"https:\/\/www.audoubscomtois.fr\/fr\/wp-json\/wp\/v2\/product\/873\" class=\"qtranxs-available-language-link qtranxs-available-language-link-fr\" title=\"Fran\u00e7ais\">Fran\u00e7ais<\/a>.<\/p>\n","protected":false},"featured_media":0,"comment_status":"closed","ping_status":"closed","template":"","meta":[],"product_brand":[],"product_cat":[18,7],"product_tag":[],"class_list":{"0":"post-873","1":"product","2":"type-product","3":"status-publish","5":"product_cat-charcuterie-terroir-espagnol","6":"product_cat-terroir-espagnol","8":"first","9":"instock","10":"taxable","11":"shipping-taxable","12":"purchasable","13":"product-type-simple"},"_links":{"self":[{"href":"https:\/\/www.audoubscomtois.fr\/es\/wp-json\/wp\/v2\/product\/873","targetHints":{"allow":["GET"]}}],"collection":[{"href":"https:\/\/www.audoubscomtois.fr\/es\/wp-json\/wp\/v2\/product"}],"about":[{"href":"https:\/\/www.audoubscomtois.fr\/es\/wp-json\/wp\/v2\/types\/product"}],"replies":[{"embeddable":true,"href":"https:\/\/www.audoubscomtois.fr\/es\/wp-json\/wp\/v2\/comments?post=873"}],"wp:attachment":[{"href":"https:\/\/www.audoubscomtois.fr\/es\/wp-json\/wp\/v2\/media?parent=873"}],"wp:term":[{"taxonomy":"product_brand","embeddable":true,"href":"https:\/\/www.audoubscomtois.fr\/es\/wp-json\/wp\/v2\/product_brand?post=873"},{"taxonomy":"product_cat","embeddable":true,"href":"https:\/\/www.audoubscomtois.fr\/es\/wp-json\/wp\/v2\/product_cat?post=873"},{"taxonomy":"product_tag","embeddable":true,"href":"https:\/\/www.audoubscomtois.fr\/es\/wp-json\/wp\/v2\/product_tag?post=873"}],"curies":[{"name":"wp","href":"https:\/\/api.w.org\/{rel}","templated":true}]}}