{"id":88,"date":"2015-05-23T16:28:33","date_gmt":"2015-05-23T15:28:33","guid":{"rendered":"http:\/\/www.audoubscomtois.fr\/produit\/emmental-comtois-artisanal-500g\/"},"modified":"2026-05-06T15:51:58","modified_gmt":"2026-05-06T14:51:58","slug":"emmental-comtois-artisanal-500g","status":"publish","type":"product","link":"https:\/\/www.audoubscomtois.fr\/es\/shop\/emmental-comtois-artisanal-500g\/","title":{"rendered":"Emmental Frances Artisanal (~500g) (18.90\u20ac\/Kg)"},"content":{"rendered":"<p>Queso en directo de una Queseria Francesa de alta Qualidad cerca de Suiza, fabricado con el Mejor Leche de Francia.<\/p>\n<p>C\u2019est le plus imposant des fromages : une meule peut facilement d\u00e9passer 80 kilos! Autre particularit\u00e9, la pr\u00e9sence dans la p\u00e2te de nombreux trous appel\u00e9s les \u201cyeux\u201d du fromage. Ils sont provoqu\u00e9s par une fermentation en cave assez chaude (20 \u00e0 25\u00b0C) durant laquelle du gaz se forme dans la p\u00e2te ce qui fait gonfler les meules dont les faces s\u2019arrondissent.<\/p>\n<p>Cet Emmental est de Qualit\u00e9 Sup\u00e9rieur car fabriqu\u00e9 \u00e0 partir de Lait Cru dans une petite Fruiti\u00e8re du Haut Doubs. Ce lait est le Meilleur de France; il est suivi de tr\u00e8s pr\u00e8s car il est normalement destin\u00e9 pour la fabrication des Meilleurs Fromage A.O.C. de la Franche-Comt\u00e9.<\/p>\n<p>Professionnels minimum ~4Kg, Particuliers minimum 500g.<\/p>","protected":false},"excerpt":{"rendered":"<p>Emmental Frances Qualidad Sup\u00e9rieur.<\/p>\n<p>(~500g)(9.45\u20ac\/U)<\/p>\n<p>18.90\u20ac\/Kg.<\/p>\n","protected":false},"featured_media":169,"comment_status":"open","ping_status":"closed","template":"","meta":[],"product_brand":[],"product_cat":[15,6],"product_tag":[],"class_list":{"0":"post-88","1":"product","2":"type-product","3":"status-publish","4":"has-post-thumbnail","6":"product_cat-fromages","7":"product_cat-terroir-comtois","9":"first","10":"instock","11":"taxable","12":"shipping-taxable","13":"purchasable","14":"product-type-simple"},"_links":{"self":[{"href":"https:\/\/www.audoubscomtois.fr\/es\/wp-json\/wp\/v2\/product\/88","targetHints":{"allow":["GET"]}}],"collection":[{"href":"https:\/\/www.audoubscomtois.fr\/es\/wp-json\/wp\/v2\/product"}],"about":[{"href":"https:\/\/www.audoubscomtois.fr\/es\/wp-json\/wp\/v2\/types\/product"}],"replies":[{"embeddable":true,"href":"https:\/\/www.audoubscomtois.fr\/es\/wp-json\/wp\/v2\/comments?post=88"}],"wp:featuredmedia":[{"embeddable":true,"href":"https:\/\/www.audoubscomtois.fr\/es\/wp-json\/wp\/v2\/media\/169"}],"wp:attachment":[{"href":"https:\/\/www.audoubscomtois.fr\/es\/wp-json\/wp\/v2\/media?parent=88"}],"wp:term":[{"taxonomy":"product_brand","embeddable":true,"href":"https:\/\/www.audoubscomtois.fr\/es\/wp-json\/wp\/v2\/product_brand?post=88"},{"taxonomy":"product_cat","embeddable":true,"href":"https:\/\/www.audoubscomtois.fr\/es\/wp-json\/wp\/v2\/product_cat?post=88"},{"taxonomy":"product_tag","embeddable":true,"href":"https:\/\/www.audoubscomtois.fr\/es\/wp-json\/wp\/v2\/product_tag?post=88"}],"curies":[{"name":"wp","href":"https:\/\/api.w.org\/{rel}","templated":true}]}}